{"id":37,"date":"2023-05-02T18:48:38","date_gmt":"2023-05-02T16:48:38","guid":{"rendered":"https:\/\/queenscourthotelbudapest.com\/?page_id=37"},"modified":"2024-10-25T13:21:46","modified_gmt":"2024-10-25T11:21:46","slug":"restaurant","status":"publish","type":"page","link":"https:\/\/queenscourthotelbudapest.com\/hu\/restaurant\/","title":{"rendered":"\u00c9tterem \u00e9s B\u00e1r"},"content":{"rendered":"<div data-elementor-type=\"wp-page\" data-elementor-id=\"37\" class=\"elementor elementor-37\" data-elementor-post-type=\"page\">\n\t\t\t\t<div class=\"elementor-element elementor-element-2f20863 e-con-full e-flex e-con e-parent\" data-id=\"2f20863\" data-element_type=\"container\" data-settings=\"{&quot;background_background&quot;:&quot;classic&quot;}\">\n\t\t\t\t<div class=\"elementor-element elementor-element-91dce83 elementor-widget elementor-widget-heading\" data-id=\"91dce83\" data-element_type=\"widget\" data-widget_type=\"heading.default\">\n\t\t\t\t<div class=\"elementor-widget-container\">\n\t\t\t\t\t<h2 class=\"elementor-heading-title elementor-size-default\">RESTAURANT &amp; BAR<\/h2>\t\t\t\t<\/div>\n\t\t\t\t<\/div>\n\t\t\t\t<\/div>\n\t\t<div class=\"elementor-element elementor-element-98064b9 e-flex e-con-boxed e-con e-parent\" data-id=\"98064b9\" data-element_type=\"container\" data-settings=\"{&quot;background_background&quot;:&quot;classic&quot;}\">\n\t\t\t\t\t<div class=\"e-con-inner\">\n\t\t\t\t<div class=\"elementor-element elementor-element-4b2837e elementor-widget elementor-widget-heading\" data-id=\"4b2837e\" data-element_type=\"widget\" data-widget_type=\"heading.default\">\n\t\t\t\t<div class=\"elementor-widget-container\">\n\t\t\t\t\t<h2 class=\"elementor-heading-title elementor-size-default\">K\u00e9nyeztesse mag\u00e1t kulin\u00e1ris \u00e9lm\u00e9nyekkel, \u00e9s \u00e9lvezze az eml\u00e9kezetes pillanatokat<\/h2>\t\t\t\t<\/div>\n\t\t\t\t<\/div>\n\t\t\t\t<div class=\"elementor-element elementor-element-a4137c5 elementor-widget-divider--view-line elementor-widget elementor-widget-divider\" data-id=\"a4137c5\" data-element_type=\"widget\" data-widget_type=\"divider.default\">\n\t\t\t\t<div class=\"elementor-widget-container\">\n\t\t\t\t\t\t\t<div class=\"elementor-divider\">\n\t\t\t<span class=\"elementor-divider-separator\">\n\t\t\t\t\t\t<\/span>\n\t\t<\/div>\n\t\t\t\t\t\t<\/div>\n\t\t\t\t<\/div>\n\t\t\t\t<div class=\"elementor-element elementor-element-9a15b35 elementor-widget elementor-widget-text-editor\" data-id=\"9a15b35\" data-element_type=\"widget\" data-widget_type=\"text-editor.default\">\n\t\t\t\t<div class=\"elementor-widget-container\">\n\t\t\t\t\t\t\t\t\t<p>Els\u0151dleges c\u00e9lunk egy kellemes \u00e9s feledhetetlen kulin\u00e1ris \u00e9lm\u00e9ny biztos\u00edt\u00e1sa vend\u00e9geink sz\u00e1m\u00e1ra. N\u00e1lunk biztos lehet abban, hogy \u00e9ttermi csapatunk a maximumot ny\u00fajtja a rendel\u00e9s felv\u00e9tel\u00e9t\u0151l kezdve az \u00e9telek \u00e9s italok  elk\u00e9sz\u00edt\u00e9s\u00e9n \u00e1t, azok felszolg\u00e1l\u00e1s\u00e1ig.<\/p>\t\t\t\t\t\t\t\t<\/div>\n\t\t\t\t<\/div>\n\t\t\t\t\t<\/div>\n\t\t\t\t<\/div>\n\t\t<div class=\"elementor-element elementor-element-684a8c01 e-con-full e-flex e-con e-parent\" data-id=\"684a8c01\" data-element_type=\"container\" data-settings=\"{&quot;background_background&quot;:&quot;classic&quot;}\">\n\t\t<div class=\"elementor-element elementor-element-674dcc20 e-con-full e-flex e-con e-child\" data-id=\"674dcc20\" data-element_type=\"container\">\n\t\t<div class=\"elementor-element elementor-element-67480e49 e-con-full e-flex e-con e-child\" data-id=\"67480e49\" data-element_type=\"container\" data-settings=\"{&quot;background_background&quot;:&quot;classic&quot;}\">\n\t\t<div class=\"elementor-element elementor-element-337a48f7 e-flex e-con-boxed e-con e-child\" data-id=\"337a48f7\" data-element_type=\"container\">\n\t\t\t\t\t<div class=\"e-con-inner\">\n\t\t\t\t<div class=\"elementor-element elementor-element-3d03687f animated-slow elementor-invisible elementor-widget elementor-widget-heading\" data-id=\"3d03687f\" data-element_type=\"widget\" data-settings=\"{&quot;_animation&quot;:&quot;fadeInUp&quot;,&quot;_animation_delay&quot;:200}\" data-widget_type=\"heading.default\">\n\t\t\t\t<div class=\"elementor-widget-container\">\n\t\t\t\t\t<h2 class=\"elementor-heading-title elementor-size-default\">CHESS Restaurant &amp; bar<\/h2>\t\t\t\t<\/div>\n\t\t\t\t<\/div>\n\t\t\t\t<div class=\"elementor-element elementor-element-4eba5893 animated-slow elementor-invisible elementor-widget elementor-widget-text-editor\" data-id=\"4eba5893\" data-element_type=\"widget\" data-settings=\"{&quot;_animation&quot;:&quot;fadeInUp&quot;,&quot;_animation_delay&quot;:200}\" data-widget_type=\"text-editor.default\">\n\t\t\t\t<div class=\"elementor-widget-container\">\n\t\t\t\t\t\t\t\t\t<p><span style=\"font-weight: 400;\">Ha egy igaz\u00e1n feledhetetlen kulin\u00e1ris \u00e9lm\u00e9nyre v\u00e1gyik, l\u00e1togasson el a sz\u00e1llod\u00e1nkban tal\u00e1lhat\u00f3 CHESS \u00e9tterembe! Az eleg\u00e1ns k\u00f6rnyezetnek, a kifog\u00e1stalan kiszolg\u00e1l\u00e1snak \u00e9s s\u00e9fjeink kiv\u00e1l\u00f3 munk\u00e1j\u00e1nak k\u00f6sz\u00f6nhet\u0151en megism\u00e9telhetetlen gasztron\u00f3miai \u00e9lm\u00e9nyben lesz r\u00e9sze.<\/span><\/p>\t\t\t\t\t\t\t\t<\/div>\n\t\t\t\t<\/div>\n\t\t\t\t\t<\/div>\n\t\t\t\t<\/div>\n\t\t\t\t<div class=\"elementor-element elementor-element-250e739 elementor-widget elementor-widget-button\" data-id=\"250e739\" data-element_type=\"widget\" data-widget_type=\"button.default\">\n\t\t\t\t<div class=\"elementor-widget-container\">\n\t\t\t\t\t\t\t\t\t<div class=\"elementor-button-wrapper\">\n\t\t\t\t\t<a class=\"elementor-button elementor-button-link elementor-size-sm\" href=\"https:\/\/queenscourthotelbudapest.com\/hu\/restaurant-2-2\/\">\n\t\t\t\t\t\t<span class=\"elementor-button-content-wrapper\">\n\t\t\t\t\t\t\t\t\t<span class=\"elementor-button-text\">\u00c9tterem<\/span>\n\t\t\t\t\t<\/span>\n\t\t\t\t\t<\/a>\n\t\t\t\t<\/div>\n\t\t\t\t\t\t\t\t<\/div>\n\t\t\t\t<\/div>\n\t\t\t\t<\/div>\n\t\t<div class=\"elementor-element elementor-element-1e8698fe e-con-full e-flex e-con e-child\" data-id=\"1e8698fe\" data-element_type=\"container\">\n\t\t<div class=\"elementor-element elementor-element-4eabe670 e-con-full e-flex e-con e-child\" data-id=\"4eabe670\" data-element_type=\"container\" data-settings=\"{&quot;background_background&quot;:&quot;classic&quot;}\">\n\t\t\t\t<\/div>\n\t\t\t\t<\/div>\n\t\t\t\t<\/div>\n\t\t<div class=\"elementor-element elementor-element-24506b40 e-con-full elementor-hidden-desktop elementor-hidden-tablet_extra elementor-hidden-tablet elementor-hidden-mobile e-flex e-con e-child\" data-id=\"24506b40\" data-element_type=\"container\">\n\t\t<div class=\"elementor-element elementor-element-4cadd695 e-con-full e-flex e-con e-child\" data-id=\"4cadd695\" data-element_type=\"container\" data-settings=\"{&quot;background_background&quot;:&quot;classic&quot;}\">\n\t\t<div class=\"elementor-element elementor-element-56dd30e3 e-flex e-con-boxed e-con e-child\" data-id=\"56dd30e3\" data-element_type=\"container\">\n\t\t\t\t\t<div class=\"e-con-inner\">\n\t\t\t\t<div class=\"elementor-element elementor-element-78301c2d animated-slow elementor-invisible elementor-widget elementor-widget-heading\" data-id=\"78301c2d\" data-element_type=\"widget\" data-settings=\"{&quot;_animation&quot;:&quot;fadeInUp&quot;,&quot;_animation_delay&quot;:200}\" data-widget_type=\"heading.default\">\n\t\t\t\t<div class=\"elementor-widget-container\">\n\t\t\t\t\t<h2 class=\"elementor-heading-title elementor-size-default\">Tiara B\u00e1r <\/h2>\t\t\t\t<\/div>\n\t\t\t\t<\/div>\n\t\t\t\t<div class=\"elementor-element elementor-element-7ff11f12 animated-slow elementor-invisible elementor-widget elementor-widget-text-editor\" data-id=\"7ff11f12\" data-element_type=\"widget\" data-settings=\"{&quot;_animation&quot;:&quot;fadeInUp&quot;,&quot;_animation_delay&quot;:200}\" data-widget_type=\"text-editor.default\">\n\t\t\t\t<div class=\"elementor-widget-container\">\n\t\t\t\t\t\t\t\t\t<p><span style=\"font-weight: 400;\">A sz\u00e1llod\u00e1nkon bel\u00fcl tal\u00e1lhat\u00f3 Tiara B\u00e1r remek lehet\u0151s\u00e9get ny\u00fajt a kikapcsol\u00f3d\u00e1sra \u00e9s besz\u00e9lget\u00e9sre\negy friss\u00edt\u0151 ital elfogyaszt\u00e1sa mellett. A gondosan \u00f6ssze\u00e1ll\u00edtott itallapon mindenki megtal\u00e1lhatja az\n\u00edzl\u00e9s\u00e9nek megfelel\u0151 alkoholos vagy alkoholmentes innival\u00f3t.<\/span><\/p>\t\t\t\t\t\t\t\t<\/div>\n\t\t\t\t<\/div>\n\t\t\t\t\t<\/div>\n\t\t\t\t<\/div>\n\t\t\t\t<div class=\"elementor-element elementor-element-47bbcf4 elementor-widget elementor-widget-button\" data-id=\"47bbcf4\" data-element_type=\"widget\" data-widget_type=\"button.default\">\n\t\t\t\t<div class=\"elementor-widget-container\">\n\t\t\t\t\t\t\t\t\t<div class=\"elementor-button-wrapper\">\n\t\t\t\t\t<a class=\"elementor-button elementor-button-link elementor-size-sm\" href=\"https:\/\/queenscourthotelbudapest.com\/hu\/bar\/\">\n\t\t\t\t\t\t<span class=\"elementor-button-content-wrapper\">\n\t\t\t\t\t\t\t\t\t<span class=\"elementor-button-text\">TIARA B\u00c1R<\/span>\n\t\t\t\t\t<\/span>\n\t\t\t\t\t<\/a>\n\t\t\t\t<\/div>\n\t\t\t\t\t\t\t\t<\/div>\n\t\t\t\t<\/div>\n\t\t\t\t<\/div>\n\t\t<div class=\"elementor-element elementor-element-76abb777 e-con-full e-flex e-con e-child\" data-id=\"76abb777\" data-element_type=\"container\">\n\t\t<div class=\"elementor-element elementor-element-48a45062 e-con-full e-flex e-con e-child\" data-id=\"48a45062\" data-element_type=\"container\" data-settings=\"{&quot;background_background&quot;:&quot;classic&quot;}\">\n\t\t\t\t<\/div>\n\t\t\t\t<\/div>\n\t\t\t\t<\/div>\n\t\t\t\t<\/div>\n\t\t<div class=\"elementor-element elementor-element-7a517a57 e-con-full e-flex e-con e-parent\" data-id=\"7a517a57\" data-element_type=\"container\">\n\t\t<div class=\"elementor-element elementor-element-56baa1fc e-con-full e-flex e-con e-child\" data-id=\"56baa1fc\" data-element_type=\"container\" data-settings=\"{&quot;background_background&quot;:&quot;classic&quot;}\">\n\t\t<div class=\"elementor-element elementor-element-6520c049 e-flex e-con-boxed e-con e-child\" data-id=\"6520c049\" data-element_type=\"container\">\n\t\t\t\t\t<div class=\"e-con-inner\">\n\t\t\t\t<div class=\"elementor-element elementor-element-7cc15c0f animated-slow elementor-invisible elementor-widget elementor-widget-heading\" data-id=\"7cc15c0f\" data-element_type=\"widget\" data-settings=\"{&quot;_animation&quot;:&quot;fadeInUp&quot;,&quot;_animation_delay&quot;:200}\" data-widget_type=\"heading.default\">\n\t\t\t\t<div class=\"elementor-widget-container\">\n\t\t\t\t\t<h2 class=\"elementor-heading-title elementor-size-default\">Konyhai csapat<\/h2>\t\t\t\t<\/div>\n\t\t\t\t<\/div>\n\t\t\t\t<div class=\"elementor-element elementor-element-5867ad83 animated-slow elementor-invisible elementor-widget elementor-widget-text-editor\" data-id=\"5867ad83\" data-element_type=\"widget\" data-settings=\"{&quot;_animation&quot;:&quot;fadeInUp&quot;,&quot;_animation_delay&quot;:200}\" data-widget_type=\"text-editor.default\">\n\t\t\t\t<div class=\"elementor-widget-container\">\n\t\t\t\t\t\t\t\t\t<p><span style=\"font-weight: 400;\">Magasan k\u00e9pzett szakemberekb\u0151l \u00e1ll\u00f3 konyhai csapatunk elk\u00f6telezett a kiv\u00e9teles kulin\u00e1ris \u00e9lm\u00e9nyek\nbiztos\u00edt\u00e1sa ir\u00e1nt. A pazar fog\u00e1sok mellett az \u00e9tterem szemet gy\u00f6ny\u00f6rk\u00f6dtet\u0151 bels\u0151 terei is\nhozz\u00e1j\u00e1rulnak a kiv\u00e9teles \u00e9lm\u00e9nyhez.<\/span><\/p>\t\t\t\t\t\t\t\t<\/div>\n\t\t\t\t<\/div>\n\t\t\t\t\t<\/div>\n\t\t\t\t<\/div>\n\t\t\t\t<div class=\"elementor-element elementor-element-7ffc55e elementor-widget elementor-widget-button\" data-id=\"7ffc55e\" data-element_type=\"widget\" data-widget_type=\"button.default\">\n\t\t\t\t<div class=\"elementor-widget-container\">\n\t\t\t\t\t\t\t\t\t<div class=\"elementor-button-wrapper\">\n\t\t\t\t\t<a class=\"elementor-button elementor-button-link elementor-size-sm\" href=\"https:\/\/queenscourthotelbudapest.com\/hu\/kitchen-team\/\">\n\t\t\t\t\t\t<span class=\"elementor-button-content-wrapper\">\n\t\t\t\t\t\t\t\t\t<span class=\"elementor-button-text\">KONYHA<\/span>\n\t\t\t\t\t<\/span>\n\t\t\t\t\t<\/a>\n\t\t\t\t<\/div>\n\t\t\t\t\t\t\t\t<\/div>\n\t\t\t\t<\/div>\n\t\t\t\t<\/div>\n\t\t<div class=\"elementor-element elementor-element-d805ec0 e-con-full e-flex e-con e-child\" data-id=\"d805ec0\" data-element_type=\"container\">\n\t\t<div class=\"elementor-element elementor-element-a4a03cd e-con-full e-flex e-con e-child\" data-id=\"a4a03cd\" data-element_type=\"container\" data-settings=\"{&quot;background_background&quot;:&quot;classic&quot;}\">\n\t\t\t\t<\/div>\n\t\t\t\t<\/div>\n\t\t\t\t<\/div>\n\t\t<div class=\"elementor-element elementor-element-8670d7f e-flex e-con-boxed e-con e-parent\" data-id=\"8670d7f\" data-element_type=\"container\">\n\t\t\t\t\t<div class=\"e-con-inner\">\n\t\t\t\t<div class=\"elementor-element elementor-element-673bdb5 elementor-widget elementor-widget-heading\" data-id=\"673bdb5\" data-element_type=\"widget\" data-widget_type=\"heading.default\">\n\t\t\t\t<div class=\"elementor-widget-container\">\n\t\t\t\t\t<h5 class=\"elementor-heading-title elementor-size-default\">Szeretettel v\u00e1rjuk sz\u00e1llod\u00e1nkban<\/h5>\t\t\t\t<\/div>\n\t\t\t\t<\/div>\n\t\t\t\t\t<\/div>\n\t\t\t\t<\/div>\n\t\t\t\t<\/div>","protected":false},"excerpt":{"rendered":"<p>RESTAURANT &#038; BAR Indulge in Culinary Delights, Savor Memorable Moment Our hotel restaurant, bar and kitchen team work together to provide a seamless dining experience for guests. From taking orders and serving food to creating delicious dishes and mixing refreshing drinks, they collaborate to ensure customer satisfaction and uphold the hotel&#8217;s standards of service and [&hellip;]<\/p>","protected":false},"author":1,"featured_media":0,"parent":0,"menu_order":0,"comment_status":"closed","ping_status":"closed","template":"","meta":{"footnotes":""},"class_list":["post-37","page","type-page","status-publish","hentry"],"_links":{"self":[{"href":"https:\/\/queenscourthotelbudapest.com\/hu\/wp-json\/wp\/v2\/pages\/37","targetHints":{"allow":["GET"]}}],"collection":[{"href":"https:\/\/queenscourthotelbudapest.com\/hu\/wp-json\/wp\/v2\/pages"}],"about":[{"href":"https:\/\/queenscourthotelbudapest.com\/hu\/wp-json\/wp\/v2\/types\/page"}],"author":[{"embeddable":true,"href":"https:\/\/queenscourthotelbudapest.com\/hu\/wp-json\/wp\/v2\/users\/1"}],"replies":[{"embeddable":true,"href":"https:\/\/queenscourthotelbudapest.com\/hu\/wp-json\/wp\/v2\/comments?post=37"}],"version-history":[{"count":0,"href":"https:\/\/queenscourthotelbudapest.com\/hu\/wp-json\/wp\/v2\/pages\/37\/revisions"}],"wp:attachment":[{"href":"https:\/\/queenscourthotelbudapest.com\/hu\/wp-json\/wp\/v2\/media?parent=37"}],"curies":[{"name":"wp","href":"https:\/\/api.w.org\/{rel}","templated":true}]}}