{"id":3049,"date":"2023-06-05T23:05:55","date_gmt":"2023-06-05T21:05:55","guid":{"rendered":"https:\/\/queenscourthotelbudapest.com\/?page_id=3049"},"modified":"2023-10-02T13:16:00","modified_gmt":"2023-10-02T11:16:00","slug":"carriers","status":"publish","type":"page","link":"https:\/\/queenscourthotelbudapest.com\/hu\/carriers\/","title":{"rendered":"Karrier"},"content":{"rendered":"<div data-elementor-type=\"wp-page\" data-elementor-id=\"3049\" class=\"elementor elementor-3049\" data-elementor-post-type=\"page\">\n\t\t\t\t<div class=\"elementor-element elementor-element-e9044b1 e-con-full e-flex e-con e-parent\" data-id=\"e9044b1\" data-element_type=\"container\" data-settings=\"{&quot;background_background&quot;:&quot;classic&quot;}\">\n\t\t\t\t<div class=\"elementor-element elementor-element-a23779d elementor-widget elementor-widget-heading\" data-id=\"a23779d\" data-element_type=\"widget\" data-widget_type=\"heading.default\">\n\t\t\t\t<div class=\"elementor-widget-container\">\n\t\t\t\t\t<h2 class=\"elementor-heading-title elementor-size-default\">Karrier<\/h2>\t\t\t\t<\/div>\n\t\t\t\t<\/div>\n\t\t\t\t<\/div>\n\t\t<div class=\"elementor-element elementor-element-cf35c5d e-flex e-con-boxed e-con e-parent\" data-id=\"cf35c5d\" data-element_type=\"container\">\n\t\t\t\t\t<div class=\"e-con-inner\">\n\t\t\t\t<div class=\"elementor-element elementor-element-8195fe9 elementor-view-default elementor-widget elementor-widget-icon\" data-id=\"8195fe9\" data-element_type=\"widget\" data-widget_type=\"icon.default\">\n\t\t\t\t<div class=\"elementor-widget-container\">\n\t\t\t\t\t\t\t<div class=\"elementor-icon-wrapper\">\n\t\t\t<div class=\"elementor-icon\">\n\t\t\t<i aria-hidden=\"true\" class=\"jki jki-sad-light\"><\/i>\t\t\t<\/div>\n\t\t<\/div>\n\t\t\t\t\t\t<\/div>\n\t\t\t\t<\/div>\n\t\t\t\t\t<\/div>\n\t\t\t\t<\/div>\n\t\t<div class=\"elementor-element elementor-element-48a8e82 e-flex e-con-boxed e-con e-parent\" data-id=\"48a8e82\" data-element_type=\"container\">\n\t\t\t\t\t<div class=\"e-con-inner\">\n\t\t\t\t<div class=\"elementor-element elementor-element-0722a86 elementor-widget elementor-widget-spacer\" data-id=\"0722a86\" data-element_type=\"widget\" data-widget_type=\"spacer.default\">\n\t\t\t\t<div class=\"elementor-widget-container\">\n\t\t\t\t\t\t\t<div class=\"elementor-spacer\">\n\t\t\t<div class=\"elementor-spacer-inner\"><\/div>\n\t\t<\/div>\n\t\t\t\t\t\t<\/div>\n\t\t\t\t<\/div>\n\t\t\t\t<div class=\"elementor-element elementor-element-1624c28 text-center elementor-widget elementor-widget-tp-adv-text-block\" data-id=\"1624c28\" data-element_type=\"widget\" data-widget_type=\"tp-adv-text-block.default\">\n\t\t\t\t<div class=\"elementor-widget-container\">\n\t\t\t\t\t<div class=\"pt-plus-text-block-wrapper\" ><div class=\"text_block_parallax\"><div class=\"pt_plus_adv_text_block\" ><div class=\"text-content-block\"><p><span style=\"font-weight: 400\">Sajn\u00e1ljuk, de jelenleg nincs nyitott poz\u00edci\u00f3nk.\u00a0<\/span><\/p><p><span style=\"font-weight: 400\">K\u00e9rj\u00fck, l\u00e1togasson vissza k\u00e9s\u0151bb, \u00e9s t\u00e1j\u00e9koz\u00f3djon a fejlem\u00e9nyekr\u0151l \u00e9s a j\u00f6v\u0151beli lehet\u0151s\u00e9gekr\u0151l.\nGyakran b\u0151v\u00edtj\u00fck csapatunkat olyan emberekkel, akik lelkesed\u00e9s\u00fckkel \u00e9s szaktud\u00e1sukkal\nhozz\u00e1j\u00e1rulnak sz\u00e1llod\u00e1nk folyamatos fejl\u0151d\u00e9s\u00e9hez. Ha b\u00e1rmilyen k\u00e9rd\u00e9s felmer\u00fclt \u00d6nben, vagy t\u00f6bb\ninform\u00e1ci\u00f3t szeretne megtudni c\u00e9g\u00fcnkr\u0151l, <a href=\"https:\/\/queenscourthotelbudapest.com\/hu\/contacts\/\">forduljon hozz\u00e1nk bizalommal<\/a><\/span><span style=\"font-weight: 400\">.\u00a0<\/span><\/p><p><span style=\"font-weight: 400\">K\u00f6sz\u00f6nj\u00fck \u00e9rdekl\u0151d\u00e9s\u00e9t, \u00e9s sok sikert k\u00edv\u00e1nunk az \u00e1ll\u00e1skeres\u00e9shez!<\/span><\/p><\/div><\/div><\/div><\/div>\t\t\t\t<\/div>\n\t\t\t\t<\/div>\n\t\t\t\t<div class=\"elementor-element elementor-element-7b45768 elementor-widget elementor-widget-spacer\" data-id=\"7b45768\" data-element_type=\"widget\" data-widget_type=\"spacer.default\">\n\t\t\t\t<div class=\"elementor-widget-container\">\n\t\t\t\t\t\t\t<div class=\"elementor-spacer\">\n\t\t\t<div class=\"elementor-spacer-inner\"><\/div>\n\t\t<\/div>\n\t\t\t\t\t\t<\/div>\n\t\t\t\t<\/div>\n\t\t\t\t\t<\/div>\n\t\t\t\t<\/div>\n\t\t\t\t<\/div>","protected":false},"excerpt":{"rendered":"<p>Careers Sorry, we do not have any open positions available.\u00a0 However, we encourage you to check back regularly for updates and future opportunities. We are always looking for talented individuals to join our team, and we appreciate your interest in our organization. If you have any questions or would like to learn more about our [&hellip;]<\/p>","protected":false},"author":1,"featured_media":0,"parent":0,"menu_order":0,"comment_status":"closed","ping_status":"closed","template":"","meta":{"footnotes":""},"class_list":["post-3049","page","type-page","status-publish","hentry"],"_links":{"self":[{"href":"https:\/\/queenscourthotelbudapest.com\/hu\/wp-json\/wp\/v2\/pages\/3049","targetHints":{"allow":["GET"]}}],"collection":[{"href":"https:\/\/queenscourthotelbudapest.com\/hu\/wp-json\/wp\/v2\/pages"}],"about":[{"href":"https:\/\/queenscourthotelbudapest.com\/hu\/wp-json\/wp\/v2\/types\/page"}],"author":[{"embeddable":true,"href":"https:\/\/queenscourthotelbudapest.com\/hu\/wp-json\/wp\/v2\/users\/1"}],"replies":[{"embeddable":true,"href":"https:\/\/queenscourthotelbudapest.com\/hu\/wp-json\/wp\/v2\/comments?post=3049"}],"version-history":[{"count":0,"href":"https:\/\/queenscourthotelbudapest.com\/hu\/wp-json\/wp\/v2\/pages\/3049\/revisions"}],"wp:attachment":[{"href":"https:\/\/queenscourthotelbudapest.com\/hu\/wp-json\/wp\/v2\/media?parent=3049"}],"curies":[{"name":"wp","href":"https:\/\/api.w.org\/{rel}","templated":true}]}}