{"id":3035,"date":"2023-06-05T23:02:26","date_gmt":"2023-06-05T21:02:26","guid":{"rendered":"https:\/\/queenscourthotelbudapest.com\/?page_id=3035"},"modified":"2024-06-10T20:45:48","modified_gmt":"2024-06-10T18:45:48","slug":"parking-transportation","status":"publish","type":"page","link":"https:\/\/queenscourthotelbudapest.com\/hu\/parking-transportation\/","title":{"rendered":"Parkol\u00e1s \u00e9s K\u00f6zleked\u00e9s"},"content":{"rendered":"<div data-elementor-type=\"wp-page\" data-elementor-id=\"3035\" class=\"elementor elementor-3035\" data-elementor-post-type=\"page\">\n\t\t\t\t<div class=\"elementor-element elementor-element-753b3a77 e-con-full e-flex e-con e-parent\" data-id=\"753b3a77\" data-element_type=\"container\" data-settings=\"{&quot;background_background&quot;:&quot;classic&quot;}\">\n\t\t\t\t<div class=\"elementor-element elementor-element-1b18c546 elementor-widget elementor-widget-heading\" data-id=\"1b18c546\" data-element_type=\"widget\" data-widget_type=\"heading.default\">\n\t\t\t\t<div class=\"elementor-widget-container\">\n\t\t\t\t\t<h2 class=\"elementor-heading-title elementor-size-default\">PARKING &amp; TRANSPORTATION<\/h2>\t\t\t\t<\/div>\n\t\t\t\t<\/div>\n\t\t\t\t<\/div>\n\t\t<div class=\"elementor-element elementor-element-33d09f2 e-flex e-con-boxed e-con e-parent\" data-id=\"33d09f2\" data-element_type=\"container\" data-settings=\"{&quot;background_background&quot;:&quot;classic&quot;}\">\n\t\t\t\t\t<div class=\"e-con-inner\">\n\t\t\t\t<div class=\"elementor-element elementor-element-f426e6d elementor-widget elementor-widget-heading\" data-id=\"f426e6d\" data-element_type=\"widget\" data-widget_type=\"heading.default\">\n\t\t\t\t<div class=\"elementor-widget-container\">\n\t\t\t\t\t<h2 class=\"elementor-heading-title elementor-size-default\">K\u00f6zleked\u00e9s \u00e9s parkol\u00e1s<\/h2>\t\t\t\t<\/div>\n\t\t\t\t<\/div>\n\t\t\t\t<div class=\"elementor-element elementor-element-040f418 elementor-widget-divider--view-line elementor-widget elementor-widget-divider\" data-id=\"040f418\" data-element_type=\"widget\" data-widget_type=\"divider.default\">\n\t\t\t\t<div class=\"elementor-widget-container\">\n\t\t\t\t\t\t\t<div class=\"elementor-divider\">\n\t\t\t<span class=\"elementor-divider-separator\">\n\t\t\t\t\t\t<\/span>\n\t\t<\/div>\n\t\t\t\t\t\t<\/div>\n\t\t\t\t<\/div>\n\t\t\t\t<div class=\"elementor-element elementor-element-b9bd4e9 elementor-widget elementor-widget-text-editor\" data-id=\"b9bd4e9\" data-element_type=\"widget\" data-widget_type=\"text-editor.default\">\n\t\t\t\t<div class=\"elementor-widget-container\">\n\t\t\t\t\t\t\t\t\t<p><span style=\"font-weight: 400;\">A Queen\u2019s Court Hotel &amp; Residence a belv\u00e1ros sz\u00edv\u00e9ben tal\u00e1lhat\u00f3, mely aut\u00f3val is k\u00e9nyelmesen\nmegk\u00f6zel\u00edthet\u0151. Kiv\u00e1l\u00f3 elhelyezked\u00e9snek k\u00f6sz\u00f6nhet\u0151en mind\u00f6ssze n\u00e9h\u00e1ny perc s\u00e9t\u00e1ra vagyunk az UNESCO Vil\u00e1g\u00f6r\u00f6ks\u00e9g r\u00e9sz\u00e9t k\u00e9pez\u0151, f\u00e9ny\u0171z\u0151 v\u00e1s\u00e1rl\u00e1si lehet\u0151s\u00e9geir\u0151l h\u00edres Andr\u00e1ssy \u00fatt\u00f3l. A Liszt Ferenc t\u00e9r 8 perces s\u00e9t\u00e1val \u00e9rhet\u0151 el, ahol sok kiv\u00e9teles \u00e9tterem \u00e9s k\u00e1v\u00e9z\u00f3 tal\u00e1lhat\u00f3. Ezen fel\u00fcl sz\u00e1llod\u00e1nk r\u00f6vid t\u00e1vols\u00e1gra tal\u00e1lhat\u00f3 az Oktogon metr\u00f3\u00e1llom\u00e1st\u00f3l, valamint az Oper\u00e1t\u00f3l \u00e9s a Nagymez\u0151 utc\u00e1t\u00f3l, amely Budapest h\u00edres sz\u00ednh\u00e1zainak ad otthont. B\u00e1r sz\u00e1llod\u00e1nk a pezsg\u0151 v\u00e1rosi \u00e9let sz\u00edv\u00e9ben helyezkedik el, n\u00e1lunk kellemes kikapcsol\u00f3d\u00e1s v\u00e1rja.<\/span><\/p>\t\t\t\t\t\t\t\t<\/div>\n\t\t\t\t<\/div>\n\t\t\t\t\t<\/div>\n\t\t\t\t<\/div>\n\t\t<div class=\"elementor-element elementor-element-620e9c92 e-con-full e-flex e-con e-parent\" data-id=\"620e9c92\" data-element_type=\"container\" data-settings=\"{&quot;background_background&quot;:&quot;classic&quot;}\">\n\t\t\t\t<div class=\"elementor-element elementor-element-30e7b39 elementor-widget elementor-widget-spacer\" data-id=\"30e7b39\" data-element_type=\"widget\" data-widget_type=\"spacer.default\">\n\t\t\t\t<div class=\"elementor-widget-container\">\n\t\t\t\t\t\t\t<div class=\"elementor-spacer\">\n\t\t\t<div class=\"elementor-spacer-inner\"><\/div>\n\t\t<\/div>\n\t\t\t\t\t\t<\/div>\n\t\t\t\t<\/div>\n\t\t<div class=\"elementor-element elementor-element-167c3547 e-con-full e-flex e-con e-child\" data-id=\"167c3547\" data-element_type=\"container\">\n\t\t<div class=\"elementor-element elementor-element-f925834 e-con-full e-flex e-con e-child\" data-id=\"f925834\" data-element_type=\"container\" data-settings=\"{&quot;background_background&quot;:&quot;classic&quot;}\">\n\t\t<div class=\"elementor-element elementor-element-d9a802c e-flex e-con-boxed e-con e-child\" data-id=\"d9a802c\" data-element_type=\"container\">\n\t\t\t\t\t<div class=\"e-con-inner\">\n\t\t\t\t<div class=\"elementor-element elementor-element-c9f68dd animated-slow elementor-invisible elementor-widget elementor-widget-heading\" data-id=\"c9f68dd\" data-element_type=\"widget\" data-settings=\"{&quot;_animation&quot;:&quot;fadeInUp&quot;,&quot;_animation_delay&quot;:200}\" data-widget_type=\"heading.default\">\n\t\t\t\t<div class=\"elementor-widget-container\">\n\t\t\t\t\t<h4 class=\"elementor-heading-title elementor-size-default\">Taxi transzfer a rep\u00fcl\u0151t\u00e9rr\u0151l<\/h4>\t\t\t\t<\/div>\n\t\t\t\t<\/div>\n\t\t\t\t<div class=\"elementor-element elementor-element-bd89a15 animated-slow elementor-invisible elementor-widget elementor-widget-text-editor\" data-id=\"bd89a15\" data-element_type=\"widget\" data-settings=\"{&quot;_animation&quot;:&quot;fadeInUp&quot;,&quot;_animation_delay&quot;:200}\" data-widget_type=\"text-editor.default\">\n\t\t\t\t<div class=\"elementor-widget-container\">\n\t\t\t\t\t\t\t\t\t<p><span style=\"font-weight: 400;\">Annak \u00e9rdek\u00e9ben, hogy a Queen\u2019s Court Hotel &amp; Residence sz\u00e1llod\u00e1ban val\u00f3 tart\u00f3zkod\u00e1sa a lehet\u0151\nlegk\u00e9nyelmesebb legyen, taxis partner\u00fcnk gondoskodik a sz\u00e1llod\u00e1ba, illetve a sz\u00e1llod\u00e1b\u00f3l\nt\u00f6rt\u00e9n\u0151 utaz\u00e1sr\u00f3l.<\/span><span style=\"font-weight: 400;\">A professzion\u00e1lis sof\u0151r\u00f6k luxusaut\u00f3kkal viszik \u00d6nt a k\u00edv\u00e1nt c\u00e9l\u00e1llom\u00e1sra. Minden sof\u0151r elfogad\nk\u00e9szp\u00e9nzt (EUR \/ HUF) vagy hitelk\u00e1rty\u00e1t.<\/span><\/p>\t\t\t\t\t\t\t\t<\/div>\n\t\t\t\t<\/div>\n\t\t\t\t\t<\/div>\n\t\t\t\t<\/div>\n\t\t\t\t<\/div>\n\t\t<div class=\"elementor-element elementor-element-3e2df94 e-con-full e-flex e-con e-child\" data-id=\"3e2df94\" data-element_type=\"container\">\n\t\t\t\t<div class=\"elementor-element elementor-element-3aeb8c4 elementor-flip-box--effect-fade elementor-widget elementor-widget-flip-box\" data-id=\"3aeb8c4\" data-element_type=\"widget\" data-widget_type=\"flip-box.default\">\n\t\t\t\t<div class=\"elementor-widget-container\">\n\t\t\t\t\t\t\t<div class=\"elementor-flip-box\" tabindex=\"0\">\n\t\t\t<div class=\"elementor-flip-box__layer elementor-flip-box__front\">\n\t\t\t\t<div class=\"elementor-flip-box__layer__overlay\">\n\t\t\t\t\t<div class=\"elementor-flip-box__layer__inner\">\n\t\t\t\t\t\t\n\t\t\t\t\t\t\t\t\t\t\t\t\t<h3 class=\"elementor-flip-box__layer__title\">\n\t\t\t\t\t\t\t\tR\u00c9SZLETEK\t\t\t\t\t\t\t<\/h3>\n\t\t\t\t\t\t\n\t\t\t\t\t\t\t\t\t\t\t<\/div>\n\t\t\t\t<\/div>\n\t\t\t<\/div>\n\t\t\t<div class=\"elementor-flip-box__layer elementor-flip-box__back\">\n\t\t\t<div class=\"elementor-flip-box__layer__overlay\">\n\t\t\t\t<div class=\"elementor-flip-box__layer__inner\">\n\t\t\t\t\t\n\t\t\t\t\t\t\t\t\t\t\t<div class=\"elementor-flip-box__layer__description\">\n\t\t\t\t\t\t\t<b>A k\u00f6vetkez\u0151 \u00e1tal\u00e1nyd\u00edjak\u00e9rt tudjuk ezt megszervezni \u00d6nnek:<\/b><br>\n<br>\nRept\u00e9ri transzfer\u00e1rak Mercedes E oszt\u00e1lyhoz<br>\nSz\u00e1llod\u00e1b\u00f3l a rep\u00fcl\u0151t\u00e9rre: <b>\u20ac48<\/b> \/ Rep\u00fcl\u0151t\u00e9rr\u0151l a sz\u00e1llod\u00e1ba: <b>\u20ac56<\/b><br>\n<br>\n\nRept\u00e9ri transzfer \u00e1rak minibuszra ( Mercedes V-oszt\u00e1ly):<br>\nSz\u00e1llod\u00e1b\u00f3l a rep\u00fcl\u0151t\u00e9rre: <b>\u20ac62<\/b> \/ Rep\u00fcl\u0151t\u00e9rr\u0151l Budapestre: <b>\u20ac70<\/b><br>\n<br>\nRept\u00e9ri transzfer\u00e1rak exkluz\u00edv aut\u00f3kra (TESLA S \/ AUDI Q4):<br>\nSz\u00e1llod\u00e1b\u00f3l a rep\u00fcl\u0151t\u00e9rre: <b>\u20ac70<\/b> \/ Rep\u00fcl\u0151t\u00e9rr\u0151l Budapestre: <b>\u20ac70<\/b><br>\n<br>\nA foglal\u00e1shoz az al\u00e1bbi inform\u00e1ci\u00f3kat k\u00e9rj\u00fck megadni<br>\n - a vend\u00e9gek sz\u00e1ma\n- a j\u00e1rat sz\u00e1ma<br>\n- az \u00e9rkez\u00e9s\npontos id\u0151pontja\n- a termin\u00e1l sz\u00e1ma<br>\n- el\u00e9rhet\u0151s\u00e9g (lehet\u0151leg telefonsz\u00e1m)<br>\n<br>\n<i>K\u00e9rj\u00fck, hogy amennyiben a visszautat is szeretn\u00e9 megszervezni, jelezze ig\u00e9ny\u00e9t a recepci\u00f3n!<\/i>\n\t\t\t\t\t\t<\/div>\n\t\t\t\t\t\n\t\t\t\t\t\t\t\t<\/div>\n\t\t<\/div>\n\t\t<\/div>\n\t\t<\/div>\n\t\t\t\t\t\t<\/div>\n\t\t\t\t<\/div>\n\t\t\t\t<\/div>\n\t\t\t\t<\/div>\n\t\t<div class=\"elementor-element elementor-element-2ba9799 e-con-full e-flex e-con e-child\" data-id=\"2ba9799\" data-element_type=\"container\">\n\t\t<div class=\"elementor-element elementor-element-2709d7b e-con-full e-flex e-con e-child\" data-id=\"2709d7b\" data-element_type=\"container\" data-settings=\"{&quot;background_background&quot;:&quot;classic&quot;}\">\n\t\t<div class=\"elementor-element elementor-element-3eff626 e-flex e-con-boxed e-con e-child\" data-id=\"3eff626\" data-element_type=\"container\">\n\t\t\t\t\t<div class=\"e-con-inner\">\n\t\t\t\t<div class=\"elementor-element elementor-element-e76815f animated-slow elementor-invisible elementor-widget elementor-widget-heading\" data-id=\"e76815f\" data-element_type=\"widget\" data-settings=\"{&quot;_animation&quot;:&quot;fadeInUp&quot;,&quot;_animation_delay&quot;:200}\" data-widget_type=\"heading.default\">\n\t\t\t\t<div class=\"elementor-widget-container\">\n\t\t\t\t\t<h4 class=\"elementor-heading-title elementor-size-default\">Taxi transzfer a v\u00e1rosban<\/h4>\t\t\t\t<\/div>\n\t\t\t\t<\/div>\n\t\t\t\t<div class=\"elementor-element elementor-element-28eea5e animated-slow elementor-invisible elementor-widget elementor-widget-text-editor\" data-id=\"28eea5e\" data-element_type=\"widget\" data-settings=\"{&quot;_animation&quot;:&quot;fadeInUp&quot;,&quot;_animation_delay&quot;:200}\" data-widget_type=\"text-editor.default\">\n\t\t\t\t<div class=\"elementor-widget-container\">\n\t\t\t\t\t\t\t\t\t<p><span style=\"font-weight: 400;\">Keressen minket bizalommal, \u00e9s mi \u00f6r\u00f6mmel seg\u00edt\u00fcnk \u00d6nnek, ha a v\u00e1ros k\u00fcl\u00f6nb\u00f6z\u0151 pontjaira, p\u00e9ld\u00e1ul a vas\u00fat\u00e1llom\u00e1sra, haj\u00f3\u00e1llom\u00e1sra vagy b\u00e1rmely m\u00e1s c\u00e9l\u00e1llom\u00e1sra szeretne utazni. A helyi\n\u00f6nkorm\u00e1nyzat \u00e1ltal j\u00f3v\u00e1hagyott d\u00edjszab\u00e1sokat az al\u00e1bbiakban k\u00f6z\u00f6lj\u00fck az \u00d6n k\u00e9nyelm\u00e9nek\n\u00e9rdek\u00e9ben.<\/span><\/p>\t\t\t\t\t\t\t\t<\/div>\n\t\t\t\t<\/div>\n\t\t\t\t\t<\/div>\n\t\t\t\t<\/div>\n\t\t\t\t<\/div>\n\t\t<div class=\"elementor-element elementor-element-8200649 e-con-full e-flex e-con e-child\" data-id=\"8200649\" data-element_type=\"container\" data-settings=\"{&quot;background_background&quot;:&quot;classic&quot;}\">\n\t\t\t\t<div class=\"elementor-element elementor-element-2f63210 elementor-flip-box--effect-fade elementor-widget elementor-widget-flip-box\" data-id=\"2f63210\" data-element_type=\"widget\" data-widget_type=\"flip-box.default\">\n\t\t\t\t<div class=\"elementor-widget-container\">\n\t\t\t\t\t\t\t<div class=\"elementor-flip-box\" tabindex=\"0\">\n\t\t\t<div class=\"elementor-flip-box__layer elementor-flip-box__front\">\n\t\t\t\t<div class=\"elementor-flip-box__layer__overlay\">\n\t\t\t\t\t<div class=\"elementor-flip-box__layer__inner\">\n\t\t\t\t\t\t\n\t\t\t\t\t\t\t\t\t\t\t\t\t<h3 class=\"elementor-flip-box__layer__title\">\n\t\t\t\t\t\t\t\tR\u00c9SZLETEK\t\t\t\t\t\t\t<\/h3>\n\t\t\t\t\t\t\n\t\t\t\t\t\t\t\t\t\t\t<\/div>\n\t\t\t\t<\/div>\n\t\t\t<\/div>\n\t\t\t<div class=\"elementor-flip-box__layer elementor-flip-box__back\">\n\t\t\t<div class=\"elementor-flip-box__layer__overlay\">\n\t\t\t\t<div class=\"elementor-flip-box__layer__inner\">\n\t\t\t\t\t\n\t\t\t\t\t\t\t\t\t\t\t<div class=\"elementor-flip-box__layer__description\">\n\t\t\t\t\t\t\t<b>A taxitranszferre a k\u00f6vetkez\u0151 \u00e1rak vonatkoznak:<\/b><br>\n<br>\nAlap\u00e1r: 1100 Ft\n<br>\nKilom\u00e9ter alap\u00fa viteld\u00edj: 440 Ft\n<br>\nId\u0151alap\u00fa viteld\u00edj (v\u00e1rakoz\u00e1si id\u0151): 110 Ft \/ perc.\n<br>\n<br>\n\nMinden sof\u0151r elfogad k\u00e9szp\u00e9nzt (EUR \/ HUF) vagy hitelk\u00e1rty\u00e1t. <br>\t\t\t\t\t\t<\/div>\n\t\t\t\t\t\n\t\t\t\t\t\t\t\t<\/div>\n\t\t<\/div>\n\t\t<\/div>\n\t\t<\/div>\n\t\t\t\t\t\t<\/div>\n\t\t\t\t<\/div>\n\t\t\t\t<\/div>\n\t\t\t\t<\/div>\n\t\t<div class=\"elementor-element elementor-element-4efca4f e-con-full e-flex e-con e-child\" data-id=\"4efca4f\" data-element_type=\"container\">\n\t\t<div class=\"elementor-element elementor-element-5642b63 e-con-full e-flex e-con e-child\" data-id=\"5642b63\" data-element_type=\"container\" data-settings=\"{&quot;background_background&quot;:&quot;classic&quot;}\">\n\t\t<div class=\"elementor-element elementor-element-58fc3e8 e-flex e-con-boxed e-con e-child\" data-id=\"58fc3e8\" data-element_type=\"container\">\n\t\t\t\t\t<div class=\"e-con-inner\">\n\t\t\t\t<div class=\"elementor-element elementor-element-9b4af72 animated-slow elementor-invisible elementor-widget elementor-widget-heading\" data-id=\"9b4af72\" data-element_type=\"widget\" data-settings=\"{&quot;_animation&quot;:&quot;fadeInUp&quot;,&quot;_animation_delay&quot;:200}\" data-widget_type=\"heading.default\">\n\t\t\t\t<div class=\"elementor-widget-container\">\n\t\t\t\t\t<h4 class=\"elementor-heading-title elementor-size-default\">\u00c9rkez\u00e9s aut\u00f3val<\/h4>\t\t\t\t<\/div>\n\t\t\t\t<\/div>\n\t\t\t\t<div class=\"elementor-element elementor-element-2eacfbd animated-slow elementor-invisible elementor-widget elementor-widget-text-editor\" data-id=\"2eacfbd\" data-element_type=\"widget\" data-settings=\"{&quot;_animation&quot;:&quot;fadeInUp&quot;,&quot;_animation_delay&quot;:200}\" data-widget_type=\"text-editor.default\">\n\t\t\t\t<div class=\"elementor-widget-container\">\n\t\t\t\t\t\t\t\t\t<p><span style=\"font-weight: 400;\">Az aut\u00f3val \u00e9rkez\u0151 vend\u00e9gek sz\u00e1m\u00e1ra a sz\u00e1lloda alatt tal\u00e1lhat\u00f3 kamer\u00e1val \u0151rz\u00f6tt, biztons\u00e1gos parkol\u00f3h\u00e1z \u00e1ll rendelkez\u00e9sre. A parkol\u00e1si d\u00edj 30 EUR naponta, g\u00e9pkocsink\u00e9nt. A gar\u00e1zsba a sz\u00e1lloda f\u0151kapuja mellett tal\u00e1lhat\u00f3 bej\u00e1raton kereszt\u00fcl lehet behajtani. \u00c9rkez\u00e9skor k\u00e9rj\u00fck, nyomja meg a soromp\u00f3n\u00e1l l\u00e9v\u0151 gombot a parkol\u00f3jegy \u00e1tv\u00e9tel\u00e9hez. Ezt k\u00f6vet\u0151en j\u00e1rm\u0171v\u00e9t a parkol\u00e1sra kijel\u00f6lt helyeken parkolhatja le a -1 vagy -2 emeleten, melyet \u201eParkol\u00e1s\u201d t\u00e1bla jelez. K\u00e9rj\u00fck, hogy a priv\u00e1t parkol\u00f3helyeket hagyja szabadon. Tov\u00e1bb\u00e1 ig\u00e9nybe veheti Valet Parking szolg\u00e1ltat\u00e1sunkat, ahol szem\u00e9lyzet\u00fcnk k\u00e9r\u00e9s\u00e9re d\u00edjmentesen leparkolja, illetve el\u0151\u00e1ll j\u00e1rm\u0171v\u00e9vel.<\/span><\/p><p><span style=\"font-weight: 400;\">M\u00e9lygar\u00e1zsunkat egy lift k\u00f6ti \u00f6ssze a sz\u00e1llod\u00e1val. K\u00e9rj\u00fck, hogy a fizet\u00e9s miatt a parkol\u00f3jegyet a kijelentkez\u00e9sig \u0151rizze meg. Javasoljuk, hogy \u00e9rkez\u00e9skor legyen k\u00f6r\u00fcltekint\u0151, mivel a sz\u00e1lloda el\u0151tti utca fizet\u0151s parkol\u00e1si z\u00f3na. Javasoljuk, hogy a b\u00edrs\u00e1gok elker\u00fcl\u00e9se \u00e9rdek\u00e9ben ne hagyja \u0151rizetlen\u00fcl aut\u00f3j\u00e1t, \u00e9s ne v\u00e1s\u00e1roljon parkol\u00f3jegyet a bejelentkez\u00e9sig.<\/span><\/p>\t\t\t\t\t\t\t\t<\/div>\n\t\t\t\t<\/div>\n\t\t\t\t\t<\/div>\n\t\t\t\t<\/div>\n\t\t\t\t<\/div>\n\t\t<div class=\"elementor-element elementor-element-8ed3207 e-con-full e-flex e-con e-child\" data-id=\"8ed3207\" data-element_type=\"container\">\n\t\t<div class=\"elementor-element elementor-element-c1a1432 e-con-full e-flex e-con e-child\" data-id=\"c1a1432\" data-element_type=\"container\" data-settings=\"{&quot;background_background&quot;:&quot;classic&quot;}\">\n\t\t\t\t<\/div>\n\t\t\t\t<\/div>\n\t\t\t\t<\/div>\n\t\t<div class=\"elementor-element elementor-element-bdcf632 e-con-full e-flex e-con e-child\" data-id=\"bdcf632\" data-element_type=\"container\">\n\t\t<div class=\"elementor-element elementor-element-a8d59ad e-con-full e-flex e-con e-child\" data-id=\"a8d59ad\" data-element_type=\"container\" data-settings=\"{&quot;background_background&quot;:&quot;classic&quot;}\">\n\t\t<div class=\"elementor-element elementor-element-4a50c5a e-flex e-con-boxed e-con e-child\" data-id=\"4a50c5a\" data-element_type=\"container\">\n\t\t\t\t\t<div class=\"e-con-inner\">\n\t\t\t\t<div class=\"elementor-element elementor-element-e918481 animated-slow elementor-invisible elementor-widget elementor-widget-heading\" data-id=\"e918481\" data-element_type=\"widget\" data-settings=\"{&quot;_animation&quot;:&quot;fadeInUp&quot;,&quot;_animation_delay&quot;:200}\" data-widget_type=\"heading.default\">\n\t\t\t\t<div class=\"elementor-widget-container\">\n\t\t\t\t\t<h4 class=\"elementor-heading-title elementor-size-default\">Valet parking<\/h4>\t\t\t\t<\/div>\n\t\t\t\t<\/div>\n\t\t\t\t<div class=\"elementor-element elementor-element-dcac40f animated-slow elementor-invisible elementor-widget elementor-widget-text-editor\" data-id=\"dcac40f\" data-element_type=\"widget\" data-settings=\"{&quot;_animation&quot;:&quot;fadeInUp&quot;,&quot;_animation_delay&quot;:200}\" data-widget_type=\"text-editor.default\">\n\t\t\t\t<div class=\"elementor-widget-container\">\n\t\t\t\t\t\t\t\t\t<p><span style=\"font-weight: 400;\">K\u00e9nyelme biztos\u00edt\u00e1sa \u00e9rdek\u00e9ben k\u00e9r\u00e9s eset\u00e9n parkol\u00f3inas koll\u00e9g\u00e1nk beparkol \u00d6n helyett a m\u00e9lygar\u00e1zsba.<\/span><\/p><p><span style=\"font-weight: 400;\">Ha ig\u00e9nybe szeretn\u00e9 venni parkol\u00f3szolg\u00e1latunkat, k\u00e9rj\u00fck, hogy a lehet\u0151 leghamarabb \u00e9rtes\u00edtsen\nminket, \u00e9s adja meg a v\u00e1rhat\u00f3 \u00e9rkez\u00e9si id\u0151t \u00e9s a rendsz\u00e1mot.<\/span><\/p>\t\t\t\t\t\t\t\t<\/div>\n\t\t\t\t<\/div>\n\t\t\t\t\t<\/div>\n\t\t\t\t<\/div>\n\t\t\t\t<\/div>\n\t\t<div class=\"elementor-element elementor-element-f41fc21 e-con-full e-flex e-con e-child\" data-id=\"f41fc21\" data-element_type=\"container\">\n\t\t<div class=\"elementor-element elementor-element-b234202 e-con-full e-flex e-con e-child\" data-id=\"b234202\" data-element_type=\"container\" data-settings=\"{&quot;background_background&quot;:&quot;classic&quot;}\">\n\t\t\t\t<\/div>\n\t\t\t\t<\/div>\n\t\t\t\t<\/div>\n\t\t\t\t<\/div>\n\t\t<div class=\"elementor-element elementor-element-1eb21ed e-con-full e-flex e-con e-parent\" data-id=\"1eb21ed\" data-element_type=\"container\">\n\t\t<div class=\"elementor-element elementor-element-f10a47d e-con-full e-flex e-con e-child\" data-id=\"f10a47d\" data-element_type=\"container\" data-settings=\"{&quot;background_background&quot;:&quot;classic&quot;}\">\n\t\t<div class=\"elementor-element elementor-element-0cf121c e-flex e-con-boxed e-con e-child\" data-id=\"0cf121c\" data-element_type=\"container\">\n\t\t\t\t\t<div class=\"e-con-inner\">\n\t\t\t\t<div class=\"elementor-element elementor-element-a597448 animated-slow elementor-invisible elementor-widget elementor-widget-heading\" data-id=\"a597448\" data-element_type=\"widget\" data-settings=\"{&quot;_animation&quot;:&quot;fadeInUp&quot;,&quot;_animation_delay&quot;:200}\" data-widget_type=\"heading.default\">\n\t\t\t\t<div class=\"elementor-widget-container\">\n\t\t\t\t\t<h4 class=\"elementor-heading-title elementor-size-default\">T\u00f6megk\u00f6zleked\u00e9s<\/h4>\t\t\t\t<\/div>\n\t\t\t\t<\/div>\n\t\t\t\t<div class=\"elementor-element elementor-element-bbb0076 animated-slow elementor-invisible elementor-widget elementor-widget-text-editor\" data-id=\"bbb0076\" data-element_type=\"widget\" data-settings=\"{&quot;_animation&quot;:&quot;fadeInUp&quot;,&quot;_animation_delay&quot;:200}\" data-widget_type=\"text-editor.default\">\n\t\t\t\t<div class=\"elementor-widget-container\">\n\t\t\t\t\t\t\t\t\t<p><span style=\"font-weight: 400;\">A rep\u00fcl\u0151t\u00e9rr\u0151l a v\u00e1rosk\u00f6zpontba t\u00f6megk\u00f6zleked\u00e9ssel lehet eljutni. A 100E busz k\u00f6zvetlen \u00fatvonalat\nk\u00edn\u00e1l a De\u00e1k t\u00e9rre, ahol \u00e1tsz\u00e1llhat az 1-es metr\u00f3ra, \u00e9s el\u00e9rheti az Oktogon \u00e1llom\u00e1st. Ezt k\u00f6vet\u0151en az\nOktogonn\u00e1l azt\u00e1n felsz\u00e1llhat a 4-es vagy 6-os villamosra, \u00e9s a Kir\u00e1ly utca\/Erzs\u00e9bet k\u00f6r\u00fat\nvillamosmeg\u00e1ll\u00f3ban sz\u00e1llhat le. A Queen's Court Hotel &amp; Residence innen mind\u00f6ssze 2-3 perc s\u00e9t\u00e1ra tal\u00e1lhat\u00f3.<\/span><\/p><p><span style=\"font-weight: 400;\">Felh\u00edvjuk figyelm\u00e9t, hogy a 100E busz viteld\u00edja 2200 forint. A jegyet megv\u00e1s\u00e1rolhatja a meg\u00e1ll\u00f3kban kihelyezett jegyautomat\u00e1kb\u00f3l, vagy k\u00e9szp\u00e9nzzel fizethet az aut\u00f3buszon.<\/span><\/p>\t\t\t\t\t\t\t\t<\/div>\n\t\t\t\t<\/div>\n\t\t\t\t\t<\/div>\n\t\t\t\t<\/div>\n\t\t\t\t<\/div>\n\t\t<div class=\"elementor-element elementor-element-b986ff4 e-con-full e-flex e-con e-child\" data-id=\"b986ff4\" data-element_type=\"container\">\n\t\t\t\t<div class=\"elementor-element elementor-element-364cf66 elementor-flip-box--effect-fade elementor-widget elementor-widget-flip-box\" data-id=\"364cf66\" data-element_type=\"widget\" data-widget_type=\"flip-box.default\">\n\t\t\t\t<div class=\"elementor-widget-container\">\n\t\t\t\t\t\t\t<div class=\"elementor-flip-box\" tabindex=\"0\">\n\t\t\t<div class=\"elementor-flip-box__layer elementor-flip-box__front\">\n\t\t\t\t<div class=\"elementor-flip-box__layer__overlay\">\n\t\t\t\t\t<div class=\"elementor-flip-box__layer__inner\">\n\t\t\t\t\t\t\n\t\t\t\t\t\t\t\t\t\t\t\t\t<h3 class=\"elementor-flip-box__layer__title\">\n\t\t\t\t\t\t\t\tR\u00c9SZLETEK\t\t\t\t\t\t\t<\/h3>\n\t\t\t\t\t\t\n\t\t\t\t\t\t\t\t\t\t\t<\/div>\n\t\t\t\t<\/div>\n\t\t\t<\/div>\n\t\t\t<div class=\"elementor-flip-box__layer elementor-flip-box__back\">\n\t\t\t<div class=\"elementor-flip-box__layer__overlay\">\n\t\t\t\t<div class=\"elementor-flip-box__layer__inner\">\n\t\t\t\t\t\n\t\t\t\t\t\t\t\t\t\t\t<div class=\"elementor-flip-box__layer__description\">\n\t\t\t\t\t\t\t<b>Vas\u00fat\u00e1llom\u00e1sr\u00f3l<\/b><br>\n<br>\n- D\u00e9li P\u00e1lyaudvart\u00f3l (D\u00e9li) - a 2-es metr\u00f3val k\u00e9nyelmesen eljuthat a Blaha Lujza t\u00e9rig. Onnan\n\u00e1tsz\u00e1llhat a 4-es vagy 6-os villamosra, amely k\u00f6zvetlen\u00fcl a Kir\u00e1ly utca\/Erzs\u00e9bet k\u00f6r\u00fat\nvillamosmeg\u00e1ll\u00f3hoz visz. A Kir\u00e1ly utc\u00e1t\u00f3l p\u00e1r perc s\u00e9t\u00e1ra tal\u00e1lhat\u00f3 sz\u00e1llod\u00e1nk, amely k\u00e9szen \u00e1ll az \u00d6n fogad\u00e1s\u00e1ra.\n<br>\n<br>\n- Keleti P\u00e1lyaudvart\u00f3l (Keleti) - a 2-es metr\u00f3val k\u00e9nyelmesen eljuthat a Blaha Lujza t\u00e9rig. Onnan\n\u00e1tsz\u00e1llhat a 4-es vagy 6-os villamosra, amely k\u00f6zvetlen\u00fcl a Kir\u00e1ly utca\/Erzs\u00e9bet k\u00f6r\u00fat\nvillamosmeg\u00e1ll\u00f3hoz visz. A Kir\u00e1ly utc\u00e1t\u00f3l p\u00e1r perc s\u00e9t\u00e1ra tal\u00e1lhat\u00f3 sz\u00e1llod\u00e1nk, amely k\u00e9szen \u00e1ll az \u00d6n fogad\u00e1s\u00e1ra.\n<br>\n\n<br>\n- Nyugati P\u00e1lyaudvart\u00f3l (Nyugati) - a 4-es vagy 6-os villamossal a Kir\u00e1ly utca \/ Erzs\u00e9bet k\u00f6r\u00fat meg\u00e1ll\u00f3n\u00e1l sz\u00e1llhat le. A sz\u00e1lloda ett\u0151l a meg\u00e1ll\u00f3t\u00f3l csak egy r\u00f6vid t\u00e1vols\u00e1gra tal\u00e1lhat\u00f3, \u00edgy k\u00f6nnyen \u00e9s k\u00e9nyelmesen megk\u00f6zel\u00edthet\u0151.\t\t\t\t\t\t<\/div>\n\t\t\t\t\t\n\t\t\t\t\t\t\t\t<\/div>\n\t\t<\/div>\n\t\t<\/div>\n\t\t<\/div>\n\t\t\t\t\t\t<\/div>\n\t\t\t\t<\/div>\n\t\t\t\t<\/div>\n\t\t\t\t<\/div>\n\t\t<div class=\"elementor-element elementor-element-255415b e-flex e-con-boxed e-con e-parent\" data-id=\"255415b\" data-element_type=\"container\">\n\t\t\t\t\t<div class=\"e-con-inner\">\n\t\t\t\t<div class=\"elementor-element elementor-element-9d886bf elementor-widget elementor-widget-heading\" data-id=\"9d886bf\" data-element_type=\"widget\" data-widget_type=\"heading.default\">\n\t\t\t\t<div class=\"elementor-widget-container\">\n\t\t\t\t\t<h5 class=\"elementor-heading-title elementor-size-default\">Szeretettel v\u00e1rjuk sz\u00e1llod\u00e1nkban<\/h5>\t\t\t\t<\/div>\n\t\t\t\t<\/div>\n\t\t\t\t\t<\/div>\n\t\t\t\t<\/div>\n\t\t\t\t<\/div>","protected":false},"excerpt":{"rendered":"<p>PARKING &#038; TRANSPORTATION Transportation and Parking Service Nestled within a serene side street, Queen\u2019s Court Hotel &amp; Residence offers convenient accessibility by car. Moreover, our prime location places us a mere few minutes, stroll away from the prestigious Andr\u00e1ssy Street, a UNESCO World Heritage site renowned for its luxurious shopping options. Within an 8-minute walk, [&hellip;]<\/p>","protected":false},"author":1,"featured_media":0,"parent":0,"menu_order":0,"comment_status":"closed","ping_status":"closed","template":"","meta":{"footnotes":""},"class_list":["post-3035","page","type-page","status-publish","hentry"],"_links":{"self":[{"href":"https:\/\/queenscourthotelbudapest.com\/hu\/wp-json\/wp\/v2\/pages\/3035","targetHints":{"allow":["GET"]}}],"collection":[{"href":"https:\/\/queenscourthotelbudapest.com\/hu\/wp-json\/wp\/v2\/pages"}],"about":[{"href":"https:\/\/queenscourthotelbudapest.com\/hu\/wp-json\/wp\/v2\/types\/page"}],"author":[{"embeddable":true,"href":"https:\/\/queenscourthotelbudapest.com\/hu\/wp-json\/wp\/v2\/users\/1"}],"replies":[{"embeddable":true,"href":"https:\/\/queenscourthotelbudapest.com\/hu\/wp-json\/wp\/v2\/comments?post=3035"}],"version-history":[{"count":0,"href":"https:\/\/queenscourthotelbudapest.com\/hu\/wp-json\/wp\/v2\/pages\/3035\/revisions"}],"wp:attachment":[{"href":"https:\/\/queenscourthotelbudapest.com\/hu\/wp-json\/wp\/v2\/media?parent=3035"}],"curies":[{"name":"wp","href":"https:\/\/api.w.org\/{rel}","templated":true}]}}