{"id":3033,"date":"2023-06-05T23:01:25","date_gmt":"2023-06-05T21:01:25","guid":{"rendered":"https:\/\/queenscourthotelbudapest.com\/?page_id=3033"},"modified":"2023-08-18T22:07:05","modified_gmt":"2023-08-18T20:07:05","slug":"fitness","status":"publish","type":"page","link":"https:\/\/queenscourthotelbudapest.com\/hu\/fitness\/","title":{"rendered":"Fitness"},"content":{"rendered":"<div data-elementor-type=\"wp-page\" data-elementor-id=\"3033\" class=\"elementor elementor-3033\" data-elementor-post-type=\"page\">\n\t\t\t\t<div class=\"elementor-element elementor-element-72baaf5 e-con-full e-flex e-con e-parent\" data-id=\"72baaf5\" data-element_type=\"container\" data-settings=\"{&quot;background_background&quot;:&quot;classic&quot;}\">\n\t\t\t\t<div class=\"elementor-element elementor-element-f3664e4 elementor-widget elementor-widget-heading\" data-id=\"f3664e4\" data-element_type=\"widget\" data-widget_type=\"heading.default\">\n\t\t\t\t<div class=\"elementor-widget-container\">\n\t\t\t\t\t<h2 class=\"elementor-heading-title elementor-size-default\">FITNESS<\/h2>\t\t\t\t<\/div>\n\t\t\t\t<\/div>\n\t\t\t\t<\/div>\n\t\t<div class=\"elementor-element elementor-element-9bab823 e-flex e-con-boxed e-con e-parent\" data-id=\"9bab823\" data-element_type=\"container\" data-settings=\"{&quot;background_background&quot;:&quot;classic&quot;}\">\n\t\t\t\t\t<div class=\"e-con-inner\">\n\t\t\t\t<div class=\"elementor-element elementor-element-0558d0f elementor-widget elementor-widget-heading\" data-id=\"0558d0f\" data-element_type=\"widget\" data-widget_type=\"heading.default\">\n\t\t\t\t<div class=\"elementor-widget-container\">\n\t\t\t\t\t<h2 class=\"elementor-heading-title elementor-size-default\">Test \u00e9s l\u00e9lek tal\u00e1lkoz\u00e1sa<\/h2>\t\t\t\t<\/div>\n\t\t\t\t<\/div>\n\t\t\t\t<div class=\"elementor-element elementor-element-e82118e elementor-widget-divider--view-line elementor-widget elementor-widget-divider\" data-id=\"e82118e\" data-element_type=\"widget\" data-widget_type=\"divider.default\">\n\t\t\t\t<div class=\"elementor-widget-container\">\n\t\t\t\t\t\t\t<div class=\"elementor-divider\">\n\t\t\t<span class=\"elementor-divider-separator\">\n\t\t\t\t\t\t<\/span>\n\t\t<\/div>\n\t\t\t\t\t\t<\/div>\n\t\t\t\t<\/div>\n\t\t\t\t<div class=\"elementor-element elementor-element-862222d elementor-widget elementor-widget-text-editor\" data-id=\"862222d\" data-element_type=\"widget\" data-widget_type=\"text-editor.default\">\n\t\t\t\t<div class=\"elementor-widget-container\">\n\t\t\t\t\t\t\t\t\t<p><span style=\"font-weight: 400;\">Fitneszterm\u00fcnk kialak\u00edt\u00e1sa sor\u00e1n nagy hangs\u00falyt fektett\u00fcnk arra, hogy nyaral\u00e1sa\/kikapcsol\u00f3d\u00e1sa alatt\nis fenn tudja tartani edz\u00e9sterv\u00e9t. J\u00f3l felszerelt, modern edz\u0151eszk\u00f6z\u00f6k seg\u00edtenek akt\u00edvnak \u00e9s\nenergikusnak maradni.<\/span><\/p>\t\t\t\t\t\t\t\t<\/div>\n\t\t\t\t<\/div>\n\t\t\t\t\t<\/div>\n\t\t\t\t<\/div>\n\t\t<div class=\"elementor-element elementor-element-78f6ce6e e-flex e-con-boxed e-con e-parent\" data-id=\"78f6ce6e\" data-element_type=\"container\">\n\t\t\t\t\t<div class=\"e-con-inner\">\n\t\t<div class=\"elementor-element elementor-element-4aeeffd4 e-flex e-con-boxed e-con e-parent\" data-id=\"4aeeffd4\" data-element_type=\"container\">\n\t\t\t\t\t<div class=\"e-con-inner\">\n\t\t<div class=\"elementor-element elementor-element-2d570eac e-con-full img_bg e-flex e-con e-parent\" data-id=\"2d570eac\" data-element_type=\"container\" id=\"img_bg_id\" data-settings=\"{&quot;background_background&quot;:&quot;classic&quot;}\">\n\t\t<div class=\"elementor-element elementor-element-1d6fb1d0 e-con-full content_box e-flex e-con e-parent\" data-id=\"1d6fb1d0\" data-element_type=\"container\" id=\"content_box_id\" data-settings=\"{&quot;background_background&quot;:&quot;classic&quot;}\">\n\t\t<div class=\"elementor-element elementor-element-6c2fd157 e-flex e-con-boxed e-con e-parent\" data-id=\"6c2fd157\" data-element_type=\"container\">\n\t\t\t\t\t<div class=\"e-con-inner\">\n\t\t\t\t<div class=\"elementor-element elementor-element-469e29f6 elementor-widget elementor-widget-heading\" data-id=\"469e29f6\" data-element_type=\"widget\" data-widget_type=\"heading.default\">\n\t\t\t\t<div class=\"elementor-widget-container\">\n\t\t\t\t\t<h2 class=\"elementor-heading-title elementor-size-default\">Kiv\u00e1l\u00f3 design<\/h2>\t\t\t\t<\/div>\n\t\t\t\t<\/div>\n\t\t\t\t\t<\/div>\n\t\t\t\t<\/div>\n\t\t\t\t<div class=\"elementor-element elementor-element-78ee744f elementor-widget elementor-widget-text-editor\" data-id=\"78ee744f\" data-element_type=\"widget\" data-widget_type=\"text-editor.default\">\n\t\t\t\t<div class=\"elementor-widget-container\">\n\t\t\t\t\t\t\t\t\t<p><span style=\"font-weight: 400;\">Edz\u0151term\u00fcnk eszt\u00e9tikus kialak\u00edt\u00e1s\u00e1ban minden r\u00e9szlet apr\u00f3 kidolgoz\u00e1sra ker\u00fclt, hogy el\u0151seg\u00edts\u00fck az \u00d6n testi-lelki felt\u00f6lt\u0151d\u00e9s\u00e9t.<\/span><\/p>\t\t\t\t\t\t\t\t<\/div>\n\t\t\t\t<\/div>\n\t\t<div class=\"elementor-element elementor-element-56c7d6d elementor-hidden-mobile e-flex e-con-boxed e-con e-parent\" data-id=\"56c7d6d\" data-element_type=\"container\">\n\t\t\t\t\t<div class=\"e-con-inner\">\n\t\t\t\t\t<\/div>\n\t\t\t\t<\/div>\n\t\t\t\t<\/div>\n\t\t\t\t<\/div>\n\t\t\t\t\t<\/div>\n\t\t\t\t<\/div>\n\t\t<div class=\"elementor-element elementor-element-592941bb e-flex e-con-boxed e-con e-parent\" data-id=\"592941bb\" data-element_type=\"container\">\n\t\t\t\t\t<div class=\"e-con-inner\">\n\t\t<div class=\"elementor-element elementor-element-dc6dd26 e-con-full img_bg e-flex e-con e-parent\" data-id=\"dc6dd26\" data-element_type=\"container\" id=\"img_bg_id\" data-settings=\"{&quot;background_background&quot;:&quot;classic&quot;}\">\n\t\t<div class=\"elementor-element elementor-element-5fc75bf e-con-full content_box e-flex e-con e-parent\" data-id=\"5fc75bf\" data-element_type=\"container\" id=\"content_box_id\" data-settings=\"{&quot;background_background&quot;:&quot;classic&quot;}\">\n\t\t<div class=\"elementor-element elementor-element-9a26497 e-flex e-con-boxed e-con e-parent\" data-id=\"9a26497\" data-element_type=\"container\">\n\t\t\t\t\t<div class=\"e-con-inner\">\n\t\t\t\t<div class=\"elementor-element elementor-element-4fd4751 elementor-widget elementor-widget-heading\" data-id=\"4fd4751\" data-element_type=\"widget\" data-widget_type=\"heading.default\">\n\t\t\t\t<div class=\"elementor-widget-container\">\n\t\t\t\t\t<h2 class=\"elementor-heading-title elementor-size-default\">Felszerel\u00e9s<\/h2>\t\t\t\t<\/div>\n\t\t\t\t<\/div>\n\t\t\t\t\t<\/div>\n\t\t\t\t<\/div>\n\t\t\t\t<div class=\"elementor-element elementor-element-ac33def elementor-widget elementor-widget-text-editor\" data-id=\"ac33def\" data-element_type=\"widget\" data-widget_type=\"text-editor.default\">\n\t\t\t\t<div class=\"elementor-widget-container\">\n\t\t\t\t\t\t\t\t\t<p><span style=\"font-weight: 400;\">A fitneszk\u00f6zpontunkban a legmodernebb eszk\u00f6z\u00f6k biztos\u00edtj\u00e1k az \u00e1tfog\u00f3 edz\u00e9s\u00e9lm\u00e9nyt. Kardi\u00f3-, \u00e9s er\u0151nl\u00e9ti g\u00e9pek sz\u00e9les v\u00e1laszt\u00e9k\u00e1t tal\u00e1lja, k\u00f6zt\u00fck fut\u00f3padokat, ellipszis tr\u00e9nereket, \u00e1ll\u00f3 ker\u00e9kp\u00e1rokat, \u00e9s s\u00falyz\u00f3s g\u00e9peket. Emellett gumik\u00f6telek \u00e9s k\u00e9zis\u00falyz\u00f3k is rendelkez\u00e9sre \u00e1llnak.<\/span><\/p>\t\t\t\t\t\t\t\t<\/div>\n\t\t\t\t<\/div>\n\t\t<div class=\"elementor-element elementor-element-d70e82c elementor-hidden-tablet e-flex e-con-boxed e-con e-parent\" data-id=\"d70e82c\" data-element_type=\"container\">\n\t\t\t\t\t<div class=\"e-con-inner\">\n\t\t\t\t\t<\/div>\n\t\t\t\t<\/div>\n\t\t\t\t<\/div>\n\t\t\t\t<\/div>\n\t\t\t\t\t<\/div>\n\t\t\t\t<\/div>\n\t\t\t\t\t<\/div>\n\t\t\t\t<\/div>\n\t\t<div class=\"elementor-element elementor-element-859466e elementor-hidden-tablet elementor-hidden-mobile e-flex e-con-boxed e-con e-parent\" data-id=\"859466e\" data-element_type=\"container\">\n\t\t\t\t\t<div class=\"e-con-inner\">\n\t\t\t\t\t<\/div>\n\t\t\t\t<\/div>\n\t\t<div class=\"elementor-element elementor-element-0157bce e-flex e-con-boxed e-con e-parent\" data-id=\"0157bce\" data-element_type=\"container\">\n\t\t\t\t\t<div class=\"e-con-inner\">\n\t\t<div class=\"elementor-element elementor-element-bf9fc44 e-flex e-con-boxed e-con e-parent\" data-id=\"bf9fc44\" data-element_type=\"container\">\n\t\t\t\t\t<div class=\"e-con-inner\">\n\t\t<div class=\"elementor-element elementor-element-de9ec2c e-con-full img_bg e-flex e-con e-parent\" data-id=\"de9ec2c\" data-element_type=\"container\" data-settings=\"{&quot;background_background&quot;:&quot;classic&quot;}\">\n\t\t<div class=\"elementor-element elementor-element-1f3b80f e-con-full content_box e-flex e-con e-parent\" data-id=\"1f3b80f\" data-element_type=\"container\" id=\"content_box_id\" data-settings=\"{&quot;background_background&quot;:&quot;classic&quot;}\">\n\t\t<div class=\"elementor-element elementor-element-7863bb7 e-flex e-con-boxed e-con e-parent\" data-id=\"7863bb7\" data-element_type=\"container\">\n\t\t\t\t\t<div class=\"e-con-inner\">\n\t\t\t\t<div class=\"elementor-element elementor-element-d9379f7 elementor-widget elementor-widget-heading\" data-id=\"d9379f7\" data-element_type=\"widget\" data-widget_type=\"heading.default\">\n\t\t\t\t<div class=\"elementor-widget-container\">\n\t\t\t\t\t<h2 class=\"elementor-heading-title elementor-size-default\">Panor\u00e1m\u00e1s kil\u00e1t\u00e1s<\/h2>\t\t\t\t<\/div>\n\t\t\t\t<\/div>\n\t\t\t\t\t<\/div>\n\t\t\t\t<\/div>\n\t\t\t\t<div class=\"elementor-element elementor-element-1625ed6 elementor-widget elementor-widget-text-editor\" data-id=\"1625ed6\" data-element_type=\"widget\" data-widget_type=\"text-editor.default\">\n\t\t\t\t<div class=\"elementor-widget-container\">\n\t\t\t\t\t\t\t\t\t<p><span style=\"font-weight: 400;\">Az ablakainkb\u00f3l l\u00e9legzetel\u00e1ll\u00edt\u00f3 kil\u00e1t\u00e1s ny\u00edlik a gy\u00f6ny\u00f6r\u0171en parkos\u00edtott udvarra \u00e9s a pezsg\u0151 \u00fasz\u00f3medenc\u00e9re.<\/span><\/p>\t\t\t\t\t\t\t\t<\/div>\n\t\t\t\t<\/div>\n\t\t<div class=\"elementor-element elementor-element-5f28412 e-flex e-con-boxed e-con e-parent\" data-id=\"5f28412\" data-element_type=\"container\">\n\t\t\t\t\t<div class=\"e-con-inner\">\n\t\t\t\t\t<\/div>\n\t\t\t\t<\/div>\n\t\t\t\t<\/div>\n\t\t\t\t<\/div>\n\t\t\t\t\t<\/div>\n\t\t\t\t<\/div>\n\t\t<div class=\"elementor-element elementor-element-667c7a5 e-flex e-con-boxed e-con e-parent\" data-id=\"667c7a5\" data-element_type=\"container\">\n\t\t\t\t\t<div class=\"e-con-inner\">\n\t\t<div class=\"elementor-element elementor-element-c699fdf e-con-full img_bg e-flex e-con e-parent\" data-id=\"c699fdf\" data-element_type=\"container\" data-settings=\"{&quot;background_background&quot;:&quot;classic&quot;}\">\n\t\t<div class=\"elementor-element elementor-element-9140786 e-con-full content_box e-flex e-con e-parent\" data-id=\"9140786\" data-element_type=\"container\" id=\"content_box_id\" data-settings=\"{&quot;background_background&quot;:&quot;classic&quot;}\">\n\t\t<div class=\"elementor-element elementor-element-a8c241f e-flex e-con-boxed e-con e-parent\" data-id=\"a8c241f\" data-element_type=\"container\">\n\t\t\t\t\t<div class=\"e-con-inner\">\n\t\t\t\t<div class=\"elementor-element elementor-element-431430f elementor-widget elementor-widget-heading\" data-id=\"431430f\" data-element_type=\"widget\" data-widget_type=\"heading.default\">\n\t\t\t\t<div class=\"elementor-widget-container\">\n\t\t\t\t\t<h2 class=\"elementor-heading-title elementor-size-default\">Nyugodt hangulat<\/h2>\t\t\t\t<\/div>\n\t\t\t\t<\/div>\n\t\t\t\t\t<\/div>\n\t\t\t\t<\/div>\n\t\t\t\t<div class=\"elementor-element elementor-element-93f3c4f elementor-widget elementor-widget-text-editor\" data-id=\"93f3c4f\" data-element_type=\"widget\" data-widget_type=\"text-editor.default\">\n\t\t\t\t<div class=\"elementor-widget-container\">\n\t\t\t\t\t\t\t\t\t<p><span style=\"font-weight: 400;\">Edz\u0151term\u00fcnkben nincsenek csoportos \u00f3r\u00e1k, \u00edgy csendes \u00e9s priv\u00e1t hely \u00e1ll rendelkez\u00e9s\u00e9re, ahol az egy\u00e9ni edz\u00e9si preferenci\u00e1kra \u00f6sszpontos\u00edthat, \u00e9s a saj\u00e1t temp\u00f3j\u00e1ban haladhat.<\/span><\/p>\t\t\t\t\t\t\t\t<\/div>\n\t\t\t\t<\/div>\n\t\t<div class=\"elementor-element elementor-element-ef6cf72 e-flex e-con-boxed e-con e-parent\" data-id=\"ef6cf72\" data-element_type=\"container\">\n\t\t\t\t\t<div class=\"e-con-inner\">\n\t\t\t\t\t<\/div>\n\t\t\t\t<\/div>\n\t\t\t\t<\/div>\n\t\t\t\t<\/div>\n\t\t\t\t\t<\/div>\n\t\t\t\t<\/div>\n\t\t<div class=\"elementor-element elementor-element-3d9525d e-flex e-con-boxed e-con e-parent\" data-id=\"3d9525d\" data-element_type=\"container\">\n\t\t\t\t\t<div class=\"e-con-inner\">\n\t\t<div class=\"elementor-element elementor-element-ee852e8 e-con-full img_bg e-flex e-con e-parent\" data-id=\"ee852e8\" data-element_type=\"container\" data-settings=\"{&quot;background_background&quot;:&quot;classic&quot;}\">\n\t\t<div class=\"elementor-element elementor-element-d6e95c0 e-con-full content_box e-flex e-con e-parent\" data-id=\"d6e95c0\" data-element_type=\"container\" id=\"content_box_id\" data-settings=\"{&quot;background_background&quot;:&quot;classic&quot;}\">\n\t\t<div class=\"elementor-element elementor-element-b10f411 e-flex e-con-boxed e-con e-parent\" data-id=\"b10f411\" data-element_type=\"container\">\n\t\t\t\t\t<div class=\"e-con-inner\">\n\t\t\t\t<div class=\"elementor-element elementor-element-65f7260 elementor-widget elementor-widget-heading\" data-id=\"65f7260\" data-element_type=\"widget\" data-widget_type=\"heading.default\">\n\t\t\t\t<div class=\"elementor-widget-container\">\n\t\t\t\t\t<h2 class=\"elementor-heading-title elementor-size-default\">Wellness szolg\u00e1ltat\u00e1sok<\/h2>\t\t\t\t<\/div>\n\t\t\t\t<\/div>\n\t\t\t\t\t<\/div>\n\t\t\t\t<\/div>\n\t\t\t\t<div class=\"elementor-element elementor-element-d20c120 elementor-widget elementor-widget-text-editor\" data-id=\"d20c120\" data-element_type=\"widget\" data-widget_type=\"text-editor.default\">\n\t\t\t\t<div class=\"elementor-widget-container\">\n\t\t\t\t\t\t\t\t\t<p><span style=\"font-weight: 400;\">Edz\u00e9s\u00e9hez k\u00fcl\u00f6n t\u00f6r\u00f6lk\u00f6z\u0151ket biztos\u00edtunk.<\/span><\/p>\t\t\t\t\t\t\t\t<\/div>\n\t\t\t\t<\/div>\n\t\t<div class=\"elementor-element elementor-element-b6990a0 e-flex e-con-boxed e-con e-parent\" data-id=\"b6990a0\" data-element_type=\"container\">\n\t\t\t\t\t<div class=\"e-con-inner\">\n\t\t\t\t\t<\/div>\n\t\t\t\t<\/div>\n\t\t\t\t<\/div>\n\t\t\t\t<\/div>\n\t\t\t\t\t<\/div>\n\t\t\t\t<\/div>\n\t\t\t\t\t<\/div>\n\t\t\t\t<\/div>\n\t\t<div class=\"elementor-element elementor-element-bdd1034 elementor-hidden-tablet elementor-hidden-mobile e-flex e-con-boxed e-con e-parent\" data-id=\"bdd1034\" data-element_type=\"container\">\n\t\t\t\t\t<div class=\"e-con-inner\">\n\t\t\t\t\t<\/div>\n\t\t\t\t<\/div>\n\t\t<div class=\"elementor-element elementor-element-5dd66c6 e-flex e-con-boxed e-con e-parent\" data-id=\"5dd66c6\" data-element_type=\"container\">\n\t\t\t\t\t<div class=\"e-con-inner\">\n\t\t<div class=\"elementor-element elementor-element-c3f0075 e-flex e-con-boxed e-con e-parent\" data-id=\"c3f0075\" data-element_type=\"container\">\n\t\t\t\t\t<div class=\"e-con-inner\">\n\t\t<div class=\"elementor-element elementor-element-e6847cf e-con-full img_bg e-flex e-con e-parent\" data-id=\"e6847cf\" data-element_type=\"container\" data-settings=\"{&quot;background_background&quot;:&quot;classic&quot;}\">\n\t\t<div class=\"elementor-element elementor-element-adb3111 e-con-full content_box e-flex e-con e-parent\" data-id=\"adb3111\" data-element_type=\"container\" id=\"content_box_id\" data-settings=\"{&quot;background_background&quot;:&quot;classic&quot;}\">\n\t\t<div class=\"elementor-element elementor-element-1b49dea e-flex e-con-boxed e-con e-parent\" data-id=\"1b49dea\" data-element_type=\"container\">\n\t\t\t\t\t<div class=\"e-con-inner\">\n\t\t\t\t<div class=\"elementor-element elementor-element-05b9f36 elementor-widget elementor-widget-heading\" data-id=\"05b9f36\" data-element_type=\"widget\" data-widget_type=\"heading.default\">\n\t\t\t\t<div class=\"elementor-widget-container\">\n\t\t\t\t\t<h2 class=\"elementor-heading-title elementor-size-default\">Korl\u00e1tlan hozz\u00e1f\u00e9r\u00e9s<\/h2>\t\t\t\t<\/div>\n\t\t\t\t<\/div>\n\t\t\t\t\t<\/div>\n\t\t\t\t<\/div>\n\t\t\t\t<div class=\"elementor-element elementor-element-39cb424 elementor-widget elementor-widget-text-editor\" data-id=\"39cb424\" data-element_type=\"widget\" data-widget_type=\"text-editor.default\">\n\t\t\t\t<div class=\"elementor-widget-container\">\n\t\t\t\t\t\t\t\t\t<p><span style=\"font-weight: 400;\">A kulcsk\u00e1rty\u00e1val a nap 24 \u00f3r\u00e1j\u00e1ban, a h\u00e9t minden napj\u00e1n hozz\u00e1f\u00e9rhet edz\u0151term\u00fcnkh\u00f6z, ezzel is biztos\u00edtva a pihen\u00e9st \u00e9s felt\u00f6lt\u0151d\u00e9st az akt\u00edv kikapcsol\u00f3d\u00e1st kedvel\u0151inek.<\/span><\/p>\t\t\t\t\t\t\t\t<\/div>\n\t\t\t\t<\/div>\n\t\t<div class=\"elementor-element elementor-element-c35ac7f e-flex e-con-boxed e-con e-parent\" data-id=\"c35ac7f\" data-element_type=\"container\">\n\t\t\t\t\t<div class=\"e-con-inner\">\n\t\t\t\t\t<\/div>\n\t\t\t\t<\/div>\n\t\t\t\t<\/div>\n\t\t\t\t<\/div>\n\t\t\t\t\t<\/div>\n\t\t\t\t<\/div>\n\t\t<div class=\"elementor-element elementor-element-e891da2 e-flex e-con-boxed e-con e-parent\" data-id=\"e891da2\" data-element_type=\"container\">\n\t\t\t\t\t<div class=\"e-con-inner\">\n\t\t<div class=\"elementor-element elementor-element-33abf83 e-con-full img_bg e-flex e-con e-parent\" data-id=\"33abf83\" data-element_type=\"container\" data-settings=\"{&quot;background_background&quot;:&quot;classic&quot;}\">\n\t\t<div class=\"elementor-element elementor-element-57bdc31 e-con-full content_box e-flex e-con e-parent\" data-id=\"57bdc31\" data-element_type=\"container\" id=\"content_box_id\" data-settings=\"{&quot;background_background&quot;:&quot;classic&quot;}\">\n\t\t<div class=\"elementor-element elementor-element-7e2f403 e-flex e-con-boxed e-con e-parent\" data-id=\"7e2f403\" data-element_type=\"container\">\n\t\t\t\t\t<div class=\"e-con-inner\">\n\t\t\t\t<div class=\"elementor-element elementor-element-6f15848 elementor-widget elementor-widget-heading\" data-id=\"6f15848\" data-element_type=\"widget\" data-widget_type=\"heading.default\">\n\t\t\t\t<div class=\"elementor-widget-container\">\n\t\t\t\t\t<h2 class=\"elementor-heading-title elementor-size-default\">Higi\u00e9nia<\/h2>\t\t\t\t<\/div>\n\t\t\t\t<\/div>\n\t\t\t\t\t<\/div>\n\t\t\t\t<\/div>\n\t\t\t\t<div class=\"elementor-element elementor-element-870ea92 elementor-widget elementor-widget-text-editor\" data-id=\"870ea92\" data-element_type=\"widget\" data-widget_type=\"text-editor.default\">\n\t\t\t\t<div class=\"elementor-widget-container\">\n\t\t\t\t\t\t\t\t\t<p><span style=\"font-weight: 400;\">Fitness term\u00fcnkben is nagy hangs\u00falyt fektet\u00fcnk a tisztas\u00e1gra \u00e9s higi\u00e9ni\u00e1ra, makul\u00e1tlan k\u00f6rnyezetet biztos\u00edtva a sportol\u00e1shoz.<\/span><\/p>\t\t\t\t\t\t\t\t<\/div>\n\t\t\t\t<\/div>\n\t\t<div class=\"elementor-element elementor-element-5789319 e-flex e-con-boxed e-con e-parent\" data-id=\"5789319\" data-element_type=\"container\">\n\t\t\t\t\t<div class=\"e-con-inner\">\n\t\t\t\t\t<\/div>\n\t\t\t\t<\/div>\n\t\t\t\t<\/div>\n\t\t\t\t<\/div>\n\t\t\t\t\t<\/div>\n\t\t\t\t<\/div>\n\t\t\t\t\t<\/div>\n\t\t\t\t<\/div>\n\t\t<div class=\"elementor-element elementor-element-626d8d8 e-flex e-con-boxed e-con e-parent\" data-id=\"626d8d8\" data-element_type=\"container\">\n\t\t\t\t\t<div class=\"e-con-inner\">\n\t\t\t\t<div class=\"elementor-element elementor-element-9fa259f elementor-widget elementor-widget-spacer\" data-id=\"9fa259f\" data-element_type=\"widget\" data-widget_type=\"spacer.default\">\n\t\t\t\t<div class=\"elementor-widget-container\">\n\t\t\t\t\t\t\t<div class=\"elementor-spacer\">\n\t\t\t<div class=\"elementor-spacer-inner\"><\/div>\n\t\t<\/div>\n\t\t\t\t\t\t<\/div>\n\t\t\t\t<\/div>\n\t\t\t\t<div class=\"elementor-element elementor-element-b55c6ec elementor-widget elementor-widget-heading\" data-id=\"b55c6ec\" data-element_type=\"widget\" data-widget_type=\"heading.default\">\n\t\t\t\t<div class=\"elementor-widget-container\">\n\t\t\t\t\t<h2 class=\"elementor-heading-title elementor-size-default\">L\u00e1togasson el fitneszterm\u00fcnkbe is, \u00e9s haszn\u00e1lja ki a zavartalan sportol\u00e1s \u00f6r\u00f6m\u00e9t!<\/h2>\t\t\t\t<\/div>\n\t\t\t\t<\/div>\n\t\t\t\t<div class=\"elementor-element elementor-element-a87b3de elementor-widget elementor-widget-spacer\" data-id=\"a87b3de\" data-element_type=\"widget\" data-widget_type=\"spacer.default\">\n\t\t\t\t<div class=\"elementor-widget-container\">\n\t\t\t\t\t\t\t<div class=\"elementor-spacer\">\n\t\t\t<div class=\"elementor-spacer-inner\"><\/div>\n\t\t<\/div>\n\t\t\t\t\t\t<\/div>\n\t\t\t\t<\/div>\n\t\t\t\t\t<\/div>\n\t\t\t\t<\/div>\n\t\t\t\t<\/div>","protected":false},"excerpt":{"rendered":"<p>FITNESS Explore Our Gym Our fitness room is designed to cater to your health and wellness needs, providing a space for you to maintain your fitness routine even while traveling. Equipped with state-of-the-art exercise equipment, our fitness room offers options to help you stay active and energized during your stay. Exquisite Design The design of [&hellip;]<\/p>","protected":false},"author":1,"featured_media":0,"parent":0,"menu_order":0,"comment_status":"closed","ping_status":"closed","template":"","meta":{"footnotes":""},"class_list":["post-3033","page","type-page","status-publish","hentry"],"_links":{"self":[{"href":"https:\/\/queenscourthotelbudapest.com\/hu\/wp-json\/wp\/v2\/pages\/3033","targetHints":{"allow":["GET"]}}],"collection":[{"href":"https:\/\/queenscourthotelbudapest.com\/hu\/wp-json\/wp\/v2\/pages"}],"about":[{"href":"https:\/\/queenscourthotelbudapest.com\/hu\/wp-json\/wp\/v2\/types\/page"}],"author":[{"embeddable":true,"href":"https:\/\/queenscourthotelbudapest.com\/hu\/wp-json\/wp\/v2\/users\/1"}],"replies":[{"embeddable":true,"href":"https:\/\/queenscourthotelbudapest.com\/hu\/wp-json\/wp\/v2\/comments?post=3033"}],"version-history":[{"count":0,"href":"https:\/\/queenscourthotelbudapest.com\/hu\/wp-json\/wp\/v2\/pages\/3033\/revisions"}],"wp:attachment":[{"href":"https:\/\/queenscourthotelbudapest.com\/hu\/wp-json\/wp\/v2\/media?parent=3033"}],"curies":[{"name":"wp","href":"https:\/\/api.w.org\/{rel}","templated":true}]}}